{"id":12,"date":"2023-11-19T23:12:46","date_gmt":"2023-11-19T22:12:46","guid":{"rendered":"http:\/\/lesurvoltefestival.org\/?page_id=12"},"modified":"2026-04-19T11:53:57","modified_gmt":"2026-04-19T09:53:57","slug":"billeterie","status":"publish","type":"page","link":"https:\/\/lesurvoltefestival.org\/index.php\/billeterie\/","title":{"rendered":"BILLETTERIE \ud83c\udf9f\ufe0f"},"content":{"rendered":"\n<p>Acc\u00e8s \u00e0 notre cagnotte et billetterie mises en oeuvre avec HelloAsso.<\/p>\n\n\n\n<figure class=\"wp-block-table\"><table class=\"has-fixed-layout\"><thead><tr><th class=\"has-text-align-center\" data-align=\"center\">ACHETER VOS BILLETS<\/th><th class=\"has-text-align-center\" data-align=\"center\">NOUS SOUTENIR<\/th><\/tr><\/thead><tbody><tr><td class=\"has-text-align-center\" data-align=\"center\"><a href=\"https:\/\/www.helloasso.com\/associations\/culture-loisirs-animations-a-donneville\/evenements\/billetterie-le-survolte-festival-2026\"><img loading=\"lazy\" decoding=\"async\" width=\"150\" height=\"55\" class=\"wp-image-473\" style=\"width: 150px;\" src=\"http:\/\/lesurvoltefestival.org\/wp-content\/uploads\/2025\/07\/ha-participer.jpg\" alt=\"Pour acc\u00e9der \u00e0 la billetterie du festival Le Survolt\u00e9\" srcset=\"https:\/\/lesurvoltefestival.org\/wp-content\/uploads\/2025\/07\/ha-participer.jpg 371w, https:\/\/lesurvoltefestival.org\/wp-content\/uploads\/2025\/07\/ha-participer-300x109.jpg 300w\" sizes=\"auto, (max-width: 150px) 100vw, 150px\" \/><\/a><\/td><td class=\"has-text-align-center\" data-align=\"center\"><a href=\"https:\/\/www.helloasso.com\/associations\/culture-loisirs-animations-a-donneville\/collectes\/soutien-au-festival-le-survolte-2025-collectif-associatif-a-but-non-lucratif\"><img loading=\"lazy\" decoding=\"async\" width=\"150\" height=\"57\" class=\"wp-image-474\" style=\"width: 150px;\" src=\"http:\/\/lesurvoltefestival.org\/wp-content\/uploads\/2025\/07\/ha-contribuer.jpg\" alt=\"\" srcset=\"https:\/\/lesurvoltefestival.org\/wp-content\/uploads\/2025\/07\/ha-contribuer.jpg 428w, https:\/\/lesurvoltefestival.org\/wp-content\/uploads\/2025\/07\/ha-contribuer-300x114.jpg 300w\" sizes=\"auto, (max-width: 150px) 100vw, 150px\" \/><\/a><\/td><\/tr><\/tbody><\/table><\/figure>\n\n\n\n<p class=\"has-black-color has-luminous-vivid-amber-background-color has-text-color has-background has-link-color has-medium-font-size wp-elements-3d191eb32dd4edf63d8543d581d64d25\"><strong>Des petits prix pour rendre le festival accessible \u00e0 tous <\/strong>\u2764\ufe0f<\/p>\n\n\n\n<ul class=\"wp-block-list\">\n<li><strong>Pack 2 jours Adulte 2 et 3 octobre :<\/strong> 25\u20ac plein tarif \/ 20\u20ac pr\u00e9vente<\/li>\n\n\n\n<li><strong>Adulte 3 octobre :<\/strong> 18\u20ac plein tarif \/ 15\u20ac pr\u00e9vente<\/li>\n\n\n\n<li><strong>Adulte 2 octobre :<\/strong> 12\u20ac plein tarif<\/li>\n\n\n\n<li><strong>Adolescent (&lt; 18 ans) &#8211; 2 octobre ou 3 octobre :<\/strong> 5\u20ac <\/li>\n\n\n\n<li><strong>Enfant &#8211;  2 et 3 octobre :<\/strong> gratuit<\/li>\n<\/ul>\n\n\n\n<p>\ud83d\udc49 Merci pour votre soutien, pour toute question, merci de contacter <strong>lesurvolte.contact@gmail.com<\/strong><\/p>\n\n\n\n<p class=\"has-text-align-center has-white-color has-cyan-bluish-gray-background-color has-text-color has-background has-link-color has-medium-font-size wp-elements-14d4f078a1bf384d6b62236cf684eea6\">Si vous souhaitez nous soutenir et permettre que ce festival puisse perdurer vous pouvez \u00e9galement acheter des billets avec des contreparties qui permettront de nous aider financi\u00e8rement. <strong><mark style=\"background-color:rgba(0, 0, 0, 0)\" class=\"has-inline-color has-black-color\">Diff\u00e9rents packs pour nous soutenir pour un seul objectif : pouvoir proposer de futures \u00e9ditions de ce festival avec une programmation bien \u00e9nerv\u00e9e.<\/mark><\/strong> \ud83e\udd18 <strong><a href=\"https:\/\/lesurvoltefestival.org\/index.php\/participer\/\">Pour contribuer c&#8217;est <\/a><\/strong>\ud83d\udc47\ud83d\udc47\ud83d\udc47<\/p>\n\n\n\n<figure class=\"wp-block-table aligncenter\"><table><tbody><tr><td><img loading=\"lazy\" decoding=\"async\" width=\"150\" height=\"200\" class=\"wp-image-388\" style=\"width: 150px;\" src=\"http:\/\/lesurvoltefestival.org\/wp-content\/uploads\/2025\/01\/IMG-20240926-WA0004.jpg\" alt=\"\" srcset=\"https:\/\/lesurvoltefestival.org\/wp-content\/uploads\/2025\/01\/IMG-20240926-WA0004.jpg 1512w, https:\/\/lesurvoltefestival.org\/wp-content\/uploads\/2025\/01\/IMG-20240926-WA0004-225x300.jpg 225w, https:\/\/lesurvoltefestival.org\/wp-content\/uploads\/2025\/01\/IMG-20240926-WA0004-768x1024.jpg 768w, https:\/\/lesurvoltefestival.org\/wp-content\/uploads\/2025\/01\/IMG-20240926-WA0004-1152x1536.jpg 1152w\" sizes=\"auto, (max-width: 150px) 100vw, 150px\" \/><\/td><td><img loading=\"lazy\" decoding=\"async\" width=\"150\" height=\"200\" class=\"wp-image-389\" style=\"width: 150px;\" src=\"http:\/\/lesurvoltefestival.org\/wp-content\/uploads\/2025\/01\/IMG-20240926-WA0005.jpg\" alt=\"\" srcset=\"https:\/\/lesurvoltefestival.org\/wp-content\/uploads\/2025\/01\/IMG-20240926-WA0005.jpg 1512w, https:\/\/lesurvoltefestival.org\/wp-content\/uploads\/2025\/01\/IMG-20240926-WA0005-225x300.jpg 225w, https:\/\/lesurvoltefestival.org\/wp-content\/uploads\/2025\/01\/IMG-20240926-WA0005-768x1024.jpg 768w, https:\/\/lesurvoltefestival.org\/wp-content\/uploads\/2025\/01\/IMG-20240926-WA0005-1152x1536.jpg 1152w\" sizes=\"auto, (max-width: 150px) 100vw, 150px\" \/><\/td><td><img loading=\"lazy\" decoding=\"async\" width=\"150\" height=\"200\" class=\"wp-image-390\" style=\"width: 150px;\" src=\"http:\/\/lesurvoltefestival.org\/wp-content\/uploads\/2025\/01\/verre-scaled.jpg\" alt=\"\" srcset=\"https:\/\/lesurvoltefestival.org\/wp-content\/uploads\/2025\/01\/verre-scaled.jpg 1920w, https:\/\/lesurvoltefestival.org\/wp-content\/uploads\/2025\/01\/verre-225x300.jpg 225w, https:\/\/lesurvoltefestival.org\/wp-content\/uploads\/2025\/01\/verre-768x1024.jpg 768w, https:\/\/lesurvoltefestival.org\/wp-content\/uploads\/2025\/01\/verre-1152x1536.jpg 1152w, https:\/\/lesurvoltefestival.org\/wp-content\/uploads\/2025\/01\/verre-1536x2048.jpg 1536w\" sizes=\"auto, (max-width: 150px) 100vw, 150px\" \/><\/td><\/tr><\/tbody><\/table><figcaption class=\"wp-element-caption\">Le Merch du Survolt\u00e9<\/figcaption><\/figure>\n\n\n\t\t\t<iframe\n\t\t\t\tid=\"idIframe\"\n\t\t\t\tsrc=\"https:\/\/www.helloasso.com\/associations\/culture-loisirs-animations-a-donneville\/collectes\/soutien-au-festival-le-survolte-2025-collectif-associatif-a-but-non-lucratif\/widget\"\n\t\t\t\theight=750px\"\t\t\t\twidth=100%\"\t\t\t\tframeborder=\"0\"\n\t\t\t\tloading=\"lazy\"\n\t\t\t\tallowtransparency=\"true\"\n\t\t\t\tonload=\"resizeIframeMessage()\"><\/iframe>\n\n\n\n\n<p class=\"has-text-align-center has-vivid-red-color has-text-color has-link-color wp-elements-08450303a67aaa460aee0127b113d9b1\" id=\"block-7996d808-22ea-471f-932b-674666d56cb4\">TU PEUX NOUS CONTACTER POUR TOUTE QUESTION \u00e0 : <strong>LESURVOLTE.CONTACT@GMAIL.COM<\/strong><\/p>\n","protected":false},"excerpt":{"rendered":"<p>Acc\u00e8s \u00e0 notre cagnotte et billetterie mises en oeuvre avec HelloAsso. ACHETER VOS BILLETS NOUS SOUTENIR Des petits prix pour rendre le festival accessible \u00e0 tous \u2764\ufe0f \ud83d\udc49 Merci pour &#8230;<\/p>\n","protected":false},"author":1,"featured_media":0,"parent":0,"menu_order":0,"comment_status":"closed","ping_status":"closed","template":"","meta":{"footnotes":""},"class_list":["post-12","page","type-page","status-publish","hentry"],"_links":{"self":[{"href":"https:\/\/lesurvoltefestival.org\/index.php\/wp-json\/wp\/v2\/pages\/12","targetHints":{"allow":["GET"]}}],"collection":[{"href":"https:\/\/lesurvoltefestival.org\/index.php\/wp-json\/wp\/v2\/pages"}],"about":[{"href":"https:\/\/lesurvoltefestival.org\/index.php\/wp-json\/wp\/v2\/types\/page"}],"author":[{"embeddable":true,"href":"https:\/\/lesurvoltefestival.org\/index.php\/wp-json\/wp\/v2\/users\/1"}],"replies":[{"embeddable":true,"href":"https:\/\/lesurvoltefestival.org\/index.php\/wp-json\/wp\/v2\/comments?post=12"}],"version-history":[{"count":55,"href":"https:\/\/lesurvoltefestival.org\/index.php\/wp-json\/wp\/v2\/pages\/12\/revisions"}],"predecessor-version":[{"id":532,"href":"https:\/\/lesurvoltefestival.org\/index.php\/wp-json\/wp\/v2\/pages\/12\/revisions\/532"}],"wp:attachment":[{"href":"https:\/\/lesurvoltefestival.org\/index.php\/wp-json\/wp\/v2\/media?parent=12"}],"curies":[{"name":"wp","href":"https:\/\/api.w.org\/{rel}","templated":true}]}}