{"id":10,"date":"2023-11-19T23:12:46","date_gmt":"2023-11-19T22:12:46","guid":{"rendered":"http:\/\/lesurvoltefestival.org\/?page_id=10"},"modified":"2025-01-19T13:51:17","modified_gmt":"2025-01-19T12:51:17","slug":"participer","status":"publish","type":"page","link":"https:\/\/lesurvoltefestival.org\/index.php\/participer\/","title":{"rendered":"BROCKMUSIC"},"content":{"rendered":"\n<p class=\"has-black-color has-text-color has-link-color has-large-font-size wp-elements-0cb3673d52f31558165838c97867bff6\"><strong>BROCANTE ET EXPOSANTS<\/strong><\/p>\n\n\n\n<p class=\"has-text-align-center has-black-color has-luminous-vivid-amber-background-color has-text-color has-background has-link-color has-medium-font-size wp-elements-df1951d2511147eba732c50598e963d0\"><strong>Toute la journ\u00e9e (entre 10 et 17h), se d\u00e9roule la BROCKMUSIC ! <\/strong><br><strong>La BROCKMUSIC c\u2019est quoi ? C\u2019est un temps de rencontre pour les amoureux de la musique et de la culture Rock avec: <\/strong><\/p>\n\n\n\n<p class=\"has-medium-font-size\">&#8211; des <strong>stands de particuliers<\/strong> si tu souhaites vendre une guitare, des p\u00e9dales, un ampli, un clavier ou m\u00eame un triangle !<\/p>\n\n\n\n<p class=\"has-medium-font-size\">&#8211; des <strong>stands pros<\/strong> pour acheter du mat\u00e9riel (guitare, batterie, p\u00e9dales, accessoires).&nbsp;En 2024, ils nous ont fait confiance:<\/p>\n\n\n\n<figure class=\"wp-block-table\"><table class=\"has-fixed-layout\"><tbody><tr><td class=\"has-text-align-center\" data-align=\"center\"><img decoding=\"async\" width=\"81px;\" height=\"79px;\" src=\"https:\/\/lh7-rt.googleusercontent.com\/slidesz\/AGV_vUd6WqwYgI0g9-cwApx4wIO4ba4kgsD9Iqfnmyb53DMSX74RjLgF7otvt4ok0C2Q7gQeXFA7PB_zNfCc1alOBnCezGfVt05yzDCW7SKEQuoH7BDBf3jezKnRoOg9fhAMxqUPWxA2Ggabq_boggha1Ldw5CKMD__H=s2048?key=UFAObWiEV74wjYiGcFF_HQ\"><br><a href=\"https:\/\/www.buddydrumshop.com\/\">site Web<\/a> <\/td><td class=\"has-text-align-center\" data-align=\"center\"><img decoding=\"async\" width=\"115px;\" height=\"73px;\" src=\"https:\/\/lh7-rt.googleusercontent.com\/slidesz\/AGV_vUcHAXUSUhfs7BohiUALMSMuufdxF_uWobGAWaaEesH0Yz39rL5U-cW9efdiI-Xw9CMyF1Xtpg_p6XvHv3O1_BS9SQBXnxS0-M0Ys_FZQf2dunMT2ujGVKCi9kGmSPVRGV3-OkQv-CAfASqCcCtdWR4ZHihN968=s2048?key=UFAObWiEV74wjYiGcFF_HQ\"><br><a href=\"https:\/\/mjsguitars.net\/\">site Web<\/a><\/td><td class=\"has-text-align-center\" data-align=\"center\"><img decoding=\"async\" width=\"136px;\" height=\"79px;\" id=\"docs-internal-guid-55218e8f-7fff-aed7-1248-874dbd46e7f3\" src=\"https:\/\/lh7-rt.googleusercontent.com\/slidesz\/AGV_vUd1w7Jm_ROdDWnl330jAgwKSNqSFaBtY-lxg2wUZHGcWR2wAF6FvUpveozAQDIfwIP7TOIoI1eMqJHhCUx0gaARQP6okbrL0g_3dY6D2QFERz-UpTEJX6g5we8yki_-CKeH-UiO43O_rSmFzNT7Ah_PKJeNfi0A=s2048?key=UFAObWiEV74wjYiGcFF_HQ\"><br><a href=\"https:\/\/crossroadsmusicshop.fr\/\">site Web<\/a><\/td><\/tr><tr><td class=\"has-text-align-center\" data-align=\"center\"><img decoding=\"async\" width=\"79px;\" height=\"79px;\" src=\"https:\/\/lh7-rt.googleusercontent.com\/slidesz\/AGV_vUeaKjAwAYSQlqNY7mEpjYsbhLndprAGBGbeo3n5UXWUT9CyXZG-VtlLyEUatUT2SC3B0-RCOuYRpAaO7swnMy5t6CrgSjEhR2Iq_UPxReeNWSmDg8TZu6s5sj1PMmbrinXj489RmKksjSraekAfpzdZYbqe3Udc=s2048?key=UFAObWiEV74wjYiGcFF_HQ\"><br><a href=\"https:\/\/www.facebook.com\/p\/Jeff-Troy-Guitars-100063325444331\/\">Facebook<\/a><\/td><td class=\"has-text-align-center\" data-align=\"center\"><img decoding=\"async\" width=\"219px;\" height=\"62px;\" src=\"https:\/\/lh7-rt.googleusercontent.com\/slidesz\/AGV_vUem5GExh_UtCYqYq032R2I4C2ebLMVRimUG_3uP5Xew3SWk9aGmjdR-jE52PC5regyBRq84qCjYACk05uRHThCU-I2Eyw5MMqSk440ZxYhMpiF59lXhaD4kUeIQwLKtUYX_GQFfLoD7OGVPnRV3gPW6a8yKX9Y0=s2048?key=UFAObWiEV74wjYiGcFF_HQ\"><br><a href=\"https:\/\/www.sebastiengavet.com\/\">site Web<\/a> <\/td><td class=\"has-text-align-center\" data-align=\"center\">&#8230;<\/td><\/tr><\/tbody><\/table><\/figure>\n\n\n\n<p class=\"has-medium-font-size\">&#8211; des <strong>artistes <\/strong>peintre, photographe et tatoueur<\/p>\n\n\n\n<figure class=\"wp-block-table\"><table class=\"has-fixed-layout\"><tbody><tr><td class=\"has-text-align-center\" data-align=\"center\"><img loading=\"lazy\" decoding=\"async\" width=\"150\" height=\"179\" class=\"wp-image-327\" style=\"width: 150px;\" src=\"http:\/\/lesurvoltefestival.org\/wp-content\/uploads\/2024\/09\/photo_christian_audiau.jpg\" alt=\"\" srcset=\"https:\/\/lesurvoltefestival.org\/wp-content\/uploads\/2024\/09\/photo_christian_audiau.jpg 432w, https:\/\/lesurvoltefestival.org\/wp-content\/uploads\/2024\/09\/photo_christian_audiau-252x300.jpg 252w\" sizes=\"auto, (max-width: 150px) 100vw, 150px\" \/><br><a href=\"https:\/\/www.flickr.com\/photos\/147042036@N07\/\">Christian Audiau<\/a><\/td><td class=\"has-text-align-center\" data-align=\"center\"><img decoding=\"async\" width=\"136px;\" height=\"119px;\" src=\"https:\/\/lh7-rt.googleusercontent.com\/slidesz\/AGV_vUcBc0JXgATW8MapnjeEz_ZBd4MghjDFa32rl5ftz6-IiNCd8gkgfuD5r4zUC1RvSZgKH5JT4U8ZWWtC_5tRONV1r-D4l1WAjNaJC8r8AGwWC3gS4mGY_ctbn3orsZHy9txQuBv1mFvZR1BdTMVn2pXqRR1kx0U=s2048?key=UFAObWiEV74wjYiGcFF_HQ\"><br><a href=\"https:\/\/www.instagram.com\/bonbon_piment_tt\/\">instagram<\/a><\/td><td class=\"has-text-align-center\" data-align=\"center\">&#8230;<\/td><\/tr><\/tbody><\/table><\/figure>\n\n\n\n<p class=\"has-medium-font-size\">&#8211; des <strong>zones et des moments d\u2019\u00e9changes <\/strong>pour rencontrer des passionn\u00e9s, des musiciens, d\u00e9couvrir du mat\u00e9riel avec plus particuli\u00e8rement:<\/p>\n\n\n\n<ul class=\"wp-block-list\">\n<li class=\"has-medium-font-size\">En 2024, nous avions deux animations avec une <strong>session &#8220;Guitar playback&#8221;<\/strong> (couteau suisse pour l&#8217;impro \u00e0 la guitare) <strong>\u00e0 10h15<\/strong> anim\u00e9e par Gilles Fournat (guitariste et d\u00e9veloppeur de cet outil) et une <strong>session d\u00e9couverte de p\u00e9dales d\u2019effets<\/strong> pour guitaristes anim\u00e9e par Arnaud Beyney (guitariste de M.A.N. and the maniacs) <strong>\u00e0 11h<\/strong>.<\/li>\n<\/ul>\n\n\n\n<figure class=\"wp-block-table\"><table class=\"has-fixed-layout\"><tbody><tr><td class=\"has-text-align-center\" data-align=\"center\"><img decoding=\"async\" width=\"245px;\" height=\"111px;\" src=\"https:\/\/lh7-rt.googleusercontent.com\/slidesz\/AGV_vUegdwpqY7ExgCqBMe9-ysvSwpKXPnOYMCapj9MV9fFmdQWGAtxFQVO3WABAL5SNI0-HRJdLXxOkV7ljeUVxD9J5MDIZdg83PIXeGl5g0WqPyKRPzg1UMhtCgUY_K1avtHMeAbmNVIC-3UH-4ImyVGSPdIta6ae-=s2048?key=UFAObWiEV74wjYiGcFF_HQ\"><br><a href=\"https:\/\/guitarplayback.com\/\">site Web<\/a><\/td><td class=\"has-text-align-center\" data-align=\"center\"><img decoding=\"async\" width=\"136px;\" height=\"133px;\" src=\"https:\/\/lh7-rt.googleusercontent.com\/slidesz\/AGV_vUc2lquwPkKLgSTUQABIhiFH10IJU6tKT2R52HN0FFMVKZc182mjRsaEchDAUfcOq4AQcxjZfsdTQUr4W7tVHFB0iAG5tDxxLILOVnOP__2ZSiZHksB7KDIKp-ieaN-v_Fkb0Pbte5bUVnAgNO3jPAsWGP0va_Qe=s2048?key=UFAObWiEV74wjYiGcFF_HQ\">Arnaud Beyney (Guitariste)<\/td><\/tr><\/tbody><\/table><\/figure>\n\n\n\n<p class=\"has-black-color has-luminous-vivid-amber-background-color has-text-color has-background has-link-color has-medium-font-size wp-elements-84104f7cc5656e239e10060bd341f184\"><strong>Tu es tent\u00e9(e) pour participer \u00e0 cette journ\u00e9e BROCKMUSIC ? \ud83e\udd29<\/strong><\/p>\n\n\n\n<ul class=\"wp-block-list\">\n<li class=\"has-medium-font-size\"> Tu es un <strong>pro <\/strong>et tu souhaites venir vendre des \u00e9quipements, des accessoires, des instruments, des \u0153uvres, des tatouages\u2026.<\/li>\n\n\n\n<li class=\"has-medium-font-size\">Tu es un <strong>particulier <\/strong>et tu as des choses instruments ou des \u00e9quipements \u00e0 vendre <mark style=\"background-color:rgba(0, 0, 0, 0)\" class=\"has-inline-color has-luminous-vivid-orange-color\">(toute la journ\u00e9e ou sur une dur\u00e9e de 2h)<\/mark><\/li>\n<\/ul>\n\n\n\n<p class=\"has-black-color has-luminous-vivid-amber-background-color has-text-color has-background has-link-color has-medium-font-size wp-elements-094c92139d03b70e1cc843f1d2deea6b\">N\u2019h\u00e9site pas \u00e0 nous contacter \u00e0 <a href=\"mailto:lesurvolte.brock@gmail.com\"><strong>lesurvolte.brock@gmail.com<\/strong><\/a> pour t\u2019inscrire ou te renseigner ou proposer de nouvelles id\u00e9es qui permettront de proposer des moments d&#8217;\u00e9changes. Le <strong>formulaire d&#8217;inscription<\/strong> est disponible <strong><a href=\"http:\/\/lesurvoltefestival.org\/wp-content\/uploads\/2024\/09\/Brockmusic-Fiche-inscription.pdf\"><mark style=\"background-color:#000000\" class=\"has-inline-color has-luminous-vivid-amber-color\">&lt;&lt;&lt;&lt; ici &gt;&gt;&gt;&gt;&gt;<\/mark><\/a><\/strong><\/p>\n\n\n\n<p><\/p>\n\n\n\n<h1 class=\"wp-block-heading\">ESPACE PARTENAIRES<\/h1>\n\n\n\n<p id=\"block-f73219c0-2c4c-49be-b389-2264bf2b7b28\">Vous pouvez devenir partenaires ou contributeurs du festival Le Survolt\u00e9 en achetant un des packs propos\u00e9s ci-dessous ou en devenant partenaire officiel en soutenant financi\u00e8rement ou sous la forme d&#8217;aide &#8220;logistique&#8221; en tout genre.<\/p>\n\n\n\n<p class=\"has-black-color has-luminous-vivid-amber-background-color has-text-color has-background has-link-color has-medium-font-size wp-elements-6d3d79a1b787208676e2e788318f440d\" id=\"block-f671c22c-2e1b-478a-991f-9f14983f1dc3\"><strong>Appel aux partenaires : <\/strong>si cette belle aventure vous tente et que vous ou votre entreprise ou organisme souhaite nous soutenir en devenant partenaire, alors n&#8217;h\u00e9sitez pas \u00e0 nous contacter ici : <a href=\"mailto:lesurvolte.contact@gmail.com\"><strong>lesurvolte.contact@gmail.com<\/strong><\/a><\/p>\n\n\n\n<p id=\"block-e0b29bcf-eba1-41ba-ab1d-86138dc0f88c\">Notre festival est port\u00e9 par des b\u00e9n\u00e9voles membres d&#8217;associations (Comit\u00e9 des f\u00eates et MJC) \u00e0 but non lucratif du territoire du SICOVAL, et nos objectifs sont d&#8217;animer notre joli territoire et de partager notre passion pour la musique Rock.<\/p>\n\n\n\n<p><\/p>\n\n\n\n<p><\/p>\n","protected":false},"excerpt":{"rendered":"<p>BROCANTE ET EXPOSANTS Toute la journ\u00e9e (entre 10 et 17h), se d\u00e9roule la BROCKMUSIC ! La BROCKMUSIC c\u2019est quoi ? C\u2019est un temps de rencontre pour les amoureux de la &#8230;<\/p>\n","protected":false},"author":1,"featured_media":222,"parent":0,"menu_order":0,"comment_status":"closed","ping_status":"closed","template":"","meta":{"footnotes":""},"class_list":["post-10","page","type-page","status-publish","has-post-thumbnail","hentry"],"_links":{"self":[{"href":"https:\/\/lesurvoltefestival.org\/index.php\/wp-json\/wp\/v2\/pages\/10","targetHints":{"allow":["GET"]}}],"collection":[{"href":"https:\/\/lesurvoltefestival.org\/index.php\/wp-json\/wp\/v2\/pages"}],"about":[{"href":"https:\/\/lesurvoltefestival.org\/index.php\/wp-json\/wp\/v2\/types\/page"}],"author":[{"embeddable":true,"href":"https:\/\/lesurvoltefestival.org\/index.php\/wp-json\/wp\/v2\/users\/1"}],"replies":[{"embeddable":true,"href":"https:\/\/lesurvoltefestival.org\/index.php\/wp-json\/wp\/v2\/comments?post=10"}],"version-history":[{"count":43,"href":"https:\/\/lesurvoltefestival.org\/index.php\/wp-json\/wp\/v2\/pages\/10\/revisions"}],"predecessor-version":[{"id":409,"href":"https:\/\/lesurvoltefestival.org\/index.php\/wp-json\/wp\/v2\/pages\/10\/revisions\/409"}],"wp:featuredmedia":[{"embeddable":true,"href":"https:\/\/lesurvoltefestival.org\/index.php\/wp-json\/wp\/v2\/media\/222"}],"wp:attachment":[{"href":"https:\/\/lesurvoltefestival.org\/index.php\/wp-json\/wp\/v2\/media?parent=10"}],"curies":[{"name":"wp","href":"https:\/\/api.w.org\/{rel}","templated":true}]}}